{"id":402,"date":"2024-05-23T01:53:09","date_gmt":"2024-05-23T01:53:09","guid":{"rendered":"https:\/\/aerobrakes.com.mx\/?page_id=402"},"modified":"2024-08-25T14:45:45","modified_gmt":"2024-08-25T14:45:45","slug":"facturacion","status":"publish","type":"page","link":"https:\/\/aerobrakes.com.mx\/index.php\/facturacion\/","title":{"rendered":"Datos para Facturaci\u00f3n"},"content":{"rendered":"\n<div class=\"wp-block-group alignfull has-text-color has-background\" style=\"color:#000000;background:linear-gradient(180deg,rgb(255,255,255) 0%,rgb(216,161,22) 100%)\"><div class=\"wp-block-group__inner-container is-layout-flow wp-block-group-is-layout-flow\">\n<figure class=\"wp-block-table is-style-stripes has-small-font-size\"><table class=\"has-luminous-vivid-amber-background-color has-background\"><tbody><tr><td class=\"has-text-align-right\" data-align=\"right\"><strong>NOMBRE<\/strong> <strong>EMPRESA<\/strong><\/td><td class=\"has-text-align-left\" data-align=\"left\">AEROBRAKES MAINTENANCE SUPPORT S.A. DE C.V.<\/td><\/tr><tr><td class=\"has-text-align-right\" data-align=\"right\"><strong>RFC<\/strong><\/td><td class=\"has-text-align-left\" data-align=\"left\">AMS220912912<\/td><\/tr><tr><td class=\"has-text-align-right\" data-align=\"right\"><strong>R\u00c9GIMEN FISCAL<\/strong><\/td><td class=\"has-text-align-left\" data-align=\"left\">REGIMEN GENERAL DE LEY PERSONAS MORALES<\/td><\/tr><tr><td class=\"has-text-align-right\" data-align=\"right\"><strong>DIRECCI\u00d3N<\/strong><\/td><td class=\"has-text-align-left\" data-align=\"left\">BOULEVAR MANUEL \u00c1VILA CAMACHO 955 COL.<br>BOSQUE DE ECHEGARAY, NAUCALPAN DE JU\u00c1REZ<br>ESTADO DE M\u00c9XICO C.P. 53310<\/td><\/tr><tr><td class=\"has-text-align-right\" data-align=\"right\"><strong>USO CFDI<\/strong><\/td><td class=\"has-text-align-left\" data-align=\"left\">GASTOS EN GENERAL<\/td><\/tr><tr><td class=\"has-text-align-right\" data-align=\"right\"><strong>CORREO<\/strong><\/td><td class=\"has-text-align-left\" data-align=\"left\">faerobrakes@gmail.com<\/td><\/tr><\/tbody><\/table><\/figure>\n\n\n\n<h2 class=\"wp-block-heading alignwide has-text-align-center\" id=\"schedule-a-visit\" style=\"font-size:30px;line-height:1.15\">Constancia de Situaci\u00f3n Fiscal<\/h2>\n\n\n\n<div class=\"wp-block-buttons is-horizontal is-content-justification-center is-layout-flex wp-container-core-buttons-is-layout-1 wp-block-buttons-is-layout-flex\">\n<div class=\"wp-block-button has-custom-width wp-block-button__width-50 has-custom-font-size has-small-font-size\"><a class=\"wp-block-button__link has-text-color has-background wp-element-button\" href=\"https:\/\/aerobrakes.com.mx\/facturacion\/csat062024.pdf\" style=\"border-radius:50px;color:#ffffff;background-color:#000000\">ABRIR PDF<\/a><\/div>\n<\/div>\n\n\n\n<div style=\"height:100px\" aria-hidden=\"true\" class=\"wp-block-spacer\"><\/div>\n<\/div><\/div>\n","protected":false},"excerpt":{"rendered":"<p>NOMBRE EMPRESA AEROBRAKES MAINTENANCE SUPPORT S.A. DE C.V. RFC AMS220912912 R\u00c9GIMEN FISCAL REGIMEN GENERAL DE LEY PERSONAS MORALES DIRECCI\u00d3N BOULEVAR MANUEL \u00c1VILA CAMACHO 955 COL.BOSQUE DE ECHEGARAY, NAUCALPAN DE JU\u00c1REZESTADO DE M\u00c9XICO C.P. 53310 USO CFDI GASTOS EN GENERAL CORREO faerobrakes@gmail.com Constancia de Situaci\u00f3n Fiscal<\/p>\n","protected":false},"author":1,"featured_media":482,"parent":0,"menu_order":0,"comment_status":"closed","ping_status":"closed","template":"","meta":{"om_disable_all_campaigns":false,"_monsterinsights_skip_tracking":false,"_monsterinsights_sitenote_active":false,"_monsterinsights_sitenote_note":"","_monsterinsights_sitenote_category":0,"footnotes":""},"aioseo_notices":[],"_links":{"self":[{"href":"https:\/\/aerobrakes.com.mx\/index.php\/wp-json\/wp\/v2\/pages\/402"}],"collection":[{"href":"https:\/\/aerobrakes.com.mx\/index.php\/wp-json\/wp\/v2\/pages"}],"about":[{"href":"https:\/\/aerobrakes.com.mx\/index.php\/wp-json\/wp\/v2\/types\/page"}],"author":[{"embeddable":true,"href":"https:\/\/aerobrakes.com.mx\/index.php\/wp-json\/wp\/v2\/users\/1"}],"replies":[{"embeddable":true,"href":"https:\/\/aerobrakes.com.mx\/index.php\/wp-json\/wp\/v2\/comments?post=402"}],"version-history":[{"count":26,"href":"https:\/\/aerobrakes.com.mx\/index.php\/wp-json\/wp\/v2\/pages\/402\/revisions"}],"predecessor-version":[{"id":485,"href":"https:\/\/aerobrakes.com.mx\/index.php\/wp-json\/wp\/v2\/pages\/402\/revisions\/485"}],"wp:featuredmedia":[{"embeddable":true,"href":"https:\/\/aerobrakes.com.mx\/index.php\/wp-json\/wp\/v2\/media\/482"}],"wp:attachment":[{"href":"https:\/\/aerobrakes.com.mx\/index.php\/wp-json\/wp\/v2\/media?parent=402"}],"curies":[{"name":"wp","href":"https:\/\/api.w.org\/{rel}","templated":true}]}}