{"id":12,"date":"2022-09-07T21:02:10","date_gmt":"2022-09-07T21:02:10","guid":{"rendered":"https:\/\/aerobrakes.com.mx\/?page_id=12"},"modified":"2026-05-06T23:48:07","modified_gmt":"2026-05-06T23:48:07","slug":"hermosos-portafolios-para-creativos-excepcionales","status":"publish","type":"page","link":"https:\/\/aerobrakes.com.mx\/","title":{"rendered":"Especialistas en Frenos de Aeronaves"},"content":{"rendered":"\n<p class=\"has-text-align-center\">Somos una empresa pionera en M\u00e9xico categor\u00eda uno. Nos especializamos en servicio y sistemas de frenos para aeronaves, comerciales, de transporte p\u00fablico, privado y de gobierno.<meta charset=\"utf-8\"><\/p>\n\n\n\n<p class=\"has-text-align-center\">En M\u00e9xico, la industria aeron\u00e1utica comprende el ensamble y fabricaci\u00f3n de aviones, helic\u00f3pteros con sus motores, as\u00ed como sus partes, componentes, sistemas; las actividades de mantenimiento, reparaci\u00f3n, revisi\u00f3n, servicios de ingenier\u00eda, dise\u00f1os y actividades relacionadas con la industria.<br>Nuestros servicios de mantenimiento, se especializan en el sistema de frenos de aviaci\u00f3n. Somos muy competitivos con nuestros costos de servicios y estamos conscientes, que las empresas de aerol\u00edneas nacionales recurren a nosotros, como proveedores de sus servicios, tanto, para M\u00e9xico y otros pa\u00edses de Am\u00e9rica con el fin de optimizar el costo de mantenimiento.<br>Ofrecemos los servicios m\u00e1s r\u00e1pidos y eficientes con productos de la mejor calidad, a costos muy competitivos en el mercado vigente en M\u00e9xico y LATAM.<\/p>\n\n\n\n<hr class=\"wp-block-separator has-alpha-channel-opacity is-style-wide\"\/>\n\n\n\n<h2 class=\"wp-block-heading\">News<\/h2>\n\n\n\n<p>Durante 2022, el mercado mundial de sistemas de frenos para aeronaves, espera tener un crecimiento de&nbsp;<strong>8 mil 560 millones de d\u00f3lares<\/strong>,&nbsp;en comparaci\u00f3n con los 7 mil 770 millones de d\u00f3lares que logr\u00f3 en el 2021, con una tasa de crecimiento anual compuesta (CAGR) del&nbsp;<strong>10.2%.<\/strong>&nbsp;Se prev\u00e9 que el mercado tenga un crecimiento de 10 mil 085 millones de d\u00f3lares en 2026 a una tasa de crecimiento anual compuesto (CAGR) del 6.1%, de acuerdo a la consultora Research and Markets.&nbsp;<\/p>\n\n\n\n<p class=\"has-text-align-right\"><em>Fuente: A21 \/ Viernes 5 de Agosto del 2022<\/em><\/p>\n\n\n\n<div style=\"height:55px\" aria-hidden=\"true\" class=\"wp-block-spacer\"><\/div>\n\n\n\n<div class=\"wp-block-group alignfull has-background\" style=\"background-color:#e5e9ec\"><div class=\"wp-block-group__inner-container is-layout-flow wp-block-group-is-layout-flow\">\n<div class=\"wp-block-columns is-layout-flex wp-container-core-columns-is-layout-1 wp-block-columns-is-layout-flex\">\n<div class=\"wp-block-column is-vertically-aligned-center is-layout-flow wp-block-column-is-layout-flow\">\n<h2 class=\"wp-block-heading\">VISI\u00d3N<\/h2>\n\n\n\n<p>Ante la necesidad de servicio y mantenimiento que demanda la industria de aeronaves en M\u00e9xico, nuestro prop\u00f3sito, consiste en asociar nuestra experiencia, con los avances de la tecnolog\u00eda moderna, para ofrecer al mercado, tanto nacional como internacional, el primer taller de vanguardia de servicio Especializado en Frenos.<\/p>\n\n\n\n<h2 class=\"wp-block-heading\">OBJETIVO<\/h2>\n\n\n\n<p>Resguardar nuestra filosof\u00eda de calidad, servicio, conocimiento y experiencia, con un alto nivel de capacidad de respuesta a las necesidades de negocio y asistencia personalizada a nuestros clientes, ofreciendo soluciones estrat\u00e9gicas y efectivas, a costos competitivos.<\/p>\n\n\n\n<p><\/p>\n<\/div>\n<\/div>\n<\/div><\/div>\n\n\n\n<div class=\"wp-block-columns is-layout-flex wp-container-core-columns-is-layout-2 wp-block-columns-is-layout-flex\">\n<div class=\"wp-block-column is-vertically-aligned-center is-layout-flow wp-block-column-is-layout-flow\">\n<h2 class=\"wp-block-heading\">MISI\u00d3N<\/h2>\n\n\n\n<p>Cumplir en tiempo y forma, nuestras metas, a trav\u00e9s de nuestros planes, orientados al crecimiento vertical de nuestra empresa, con instalaciones de tecnolog\u00eda de punta, que nos permitan satisfacer las necesidades y prioridades de nuestros clientes.<\/p>\n\n\n\n<div class=\"wp-block-buttons is-horizontal is-content-justification-left is-layout-flex wp-container-core-buttons-is-layout-1 wp-block-buttons-is-layout-flex\">\n<div class=\"wp-block-button is-style-outline\"><a class=\"wp-block-button__link\" href=\"https:\/\/aerobrakes.com.mx\/index.php\/acerca-de\/\">Acerca de Nosotros<\/a><\/div>\n<\/div>\n\n\n\n<p><\/p>\n<\/div>\n\n\n\n<div class=\"wp-block-column is-layout-flow wp-block-column-is-layout-flow\">\n<div style=\"height:48px\" aria-hidden=\"true\" class=\"wp-block-spacer\"><\/div>\n\n\n\n<figure class=\"wp-block-image size-full\"><img loading=\"lazy\" decoding=\"async\" width=\"624\" height=\"599\" src=\"http:\/\/aerobrakes.com.mx\/wp-content\/uploads\/2022\/10\/624px-Aircraft_brake_MD-11_cut-out_half-side.jpg\" alt=\"\" class=\"wp-image-102\" srcset=\"https:\/\/aerobrakes.com.mx\/wp-content\/uploads\/2022\/10\/624px-Aircraft_brake_MD-11_cut-out_half-side.jpg 624w, https:\/\/aerobrakes.com.mx\/wp-content\/uploads\/2022\/10\/624px-Aircraft_brake_MD-11_cut-out_half-side-300x288.jpg 300w\" sizes=\"(max-width: 624px) 100vw, 624px\" \/><\/figure>\n<\/div>\n<\/div>\n\n\n\n<div class=\"wp-block-group alignfull\"><div class=\"wp-block-group__inner-container is-layout-flow wp-block-group-is-layout-flow\">\n<div class=\"wp-block-columns are-vertically-aligned-center is-layout-flex wp-container-core-columns-is-layout-3 wp-block-columns-is-layout-flex\">\n<div class=\"wp-block-column is-vertically-aligned-center is-layout-flow wp-block-column-is-layout-flow\">\n<div style=\"height:48px\" aria-hidden=\"true\" class=\"wp-block-spacer\"><\/div>\n\n\n\n<figure class=\"wp-block-image size-full\"><img loading=\"lazy\" decoding=\"async\" width=\"566\" height=\"564\" src=\"http:\/\/aerobrakes.com.mx\/wp-content\/uploads\/2022\/10\/169927-15648867.webp\" alt=\"\" class=\"wp-image-104\" srcset=\"https:\/\/aerobrakes.com.mx\/wp-content\/uploads\/2022\/10\/169927-15648867.webp 566w, https:\/\/aerobrakes.com.mx\/wp-content\/uploads\/2022\/10\/169927-15648867-300x300.webp 300w, https:\/\/aerobrakes.com.mx\/wp-content\/uploads\/2022\/10\/169927-15648867-150x150.webp 150w\" sizes=\"(max-width: 566px) 100vw, 566px\" \/><\/figure>\n<\/div>\n\n\n\n<div class=\"wp-block-column is-vertically-aligned-center is-layout-flow wp-block-column-is-layout-flow\">\n<h2 class=\"wp-block-heading\">Nuestra experiencia<\/h2>\n\n\n\n<p>M\u00e1s de 40 a\u00f1os de conocimiento y experiencia en MRO (Maintenance, Repair and Overhaul) en frenos para aeronaves, nos respaldan con nuestros clientes nacionales e internacionales. Asimismo; realizamos operaciones de compra-venta, de todo tipo de activos en la industria aeron\u00e1utica, ya sea en moneda nacional, o moneda americana USD.<\/p>\n\n\n\n<div class=\"wp-block-buttons is-layout-flex wp-block-buttons-is-layout-flex\">\n<div class=\"wp-block-button is-style-outline\"><a class=\"wp-block-button__link\" href=\"https:\/\/aerobrakes.com.mx\/index.php\/acerca-de\/#\">Servicios<\/a><\/div>\n<\/div>\n<\/div>\n<\/div>\n<\/div><\/div>\n\n\n\n<div class=\"wp-block-group alignfull has-black-background-color has-background\"><div class=\"wp-block-group__inner-container is-layout-flow wp-block-group-is-layout-flow\">\n<h2 class=\"has-text-align-center has-white-color has-text-color wp-block-heading\"><strong>Galer\u00eda de Frenos para Avi\u00f3n tipo Comercial<\/strong><\/h2>\n\n\n\n<figure class=\"wp-block-gallery aligncenter has-nested-images columns-default is-cropped wp-block-gallery-1 is-layout-flex wp-block-gallery-is-layout-flex\">\n<figure class=\"wp-block-image size-full\"><img loading=\"lazy\" decoding=\"async\" width=\"566\" height=\"564\" src=\"http:\/\/aerobrakes.com.mx\/wp-content\/uploads\/2022\/10\/169927-15648867.webp\" alt=\"\" class=\"wp-image-104\" srcset=\"https:\/\/aerobrakes.com.mx\/wp-content\/uploads\/2022\/10\/169927-15648867.webp 566w, https:\/\/aerobrakes.com.mx\/wp-content\/uploads\/2022\/10\/169927-15648867-300x300.webp 300w, https:\/\/aerobrakes.com.mx\/wp-content\/uploads\/2022\/10\/169927-15648867-150x150.webp 150w\" sizes=\"(max-width: 566px) 100vw, 566px\" \/><\/figure>\n\n\n\n<figure class=\"wp-block-image size-full\"><img loading=\"lazy\" decoding=\"async\" width=\"524\" height=\"227\" src=\"http:\/\/aerobrakes.com.mx\/wp-content\/uploads\/2022\/10\/frenos1.jpg\" alt=\"\" class=\"wp-image-106\" srcset=\"https:\/\/aerobrakes.com.mx\/wp-content\/uploads\/2022\/10\/frenos1.jpg 524w, https:\/\/aerobrakes.com.mx\/wp-content\/uploads\/2022\/10\/frenos1-300x130.jpg 300w\" sizes=\"(max-width: 524px) 100vw, 524px\" \/><\/figure>\n\n\n\n<figure class=\"wp-block-image size-full\"><img loading=\"lazy\" decoding=\"async\" width=\"624\" height=\"599\" src=\"http:\/\/aerobrakes.com.mx\/wp-content\/uploads\/2022\/10\/624px-Aircraft_brake_MD-11_cut-out_half-side.jpg\" alt=\"\" class=\"wp-image-102\" srcset=\"https:\/\/aerobrakes.com.mx\/wp-content\/uploads\/2022\/10\/624px-Aircraft_brake_MD-11_cut-out_half-side.jpg 624w, https:\/\/aerobrakes.com.mx\/wp-content\/uploads\/2022\/10\/624px-Aircraft_brake_MD-11_cut-out_half-side-300x288.jpg 300w\" sizes=\"(max-width: 624px) 100vw, 624px\" \/><\/figure>\n\n\n\n<figure class=\"wp-block-image size-full\"><img loading=\"lazy\" decoding=\"async\" width=\"300\" height=\"300\" src=\"http:\/\/aerobrakes.com.mx\/wp-content\/uploads\/2022\/10\/frenos.png\" alt=\"\" class=\"wp-image-109\" srcset=\"https:\/\/aerobrakes.com.mx\/wp-content\/uploads\/2022\/10\/frenos.png 300w, https:\/\/aerobrakes.com.mx\/wp-content\/uploads\/2022\/10\/frenos-150x150.png 150w\" sizes=\"(max-width: 300px) 100vw, 300px\" \/><\/figure>\n\n\n\n<figure class=\"wp-block-image size-full\"><img loading=\"lazy\" decoding=\"async\" width=\"800\" height=\"450\" src=\"http:\/\/aerobrakes.com.mx\/wp-content\/uploads\/2022\/10\/frenos-avion.jpg\" alt=\"\" class=\"wp-image-107\" srcset=\"https:\/\/aerobrakes.com.mx\/wp-content\/uploads\/2022\/10\/frenos-avion.jpg 800w, https:\/\/aerobrakes.com.mx\/wp-content\/uploads\/2022\/10\/frenos-avion-300x169.jpg 300w, https:\/\/aerobrakes.com.mx\/wp-content\/uploads\/2022\/10\/frenos-avion-768x432.jpg 768w\" sizes=\"(max-width: 800px) 100vw, 800px\" \/><\/figure>\n\n\n\n<figure class=\"wp-block-image size-full\"><img loading=\"lazy\" decoding=\"async\" width=\"700\" height=\"450\" src=\"http:\/\/aerobrakes.com.mx\/wp-content\/uploads\/2022\/10\/09-Lufthansa-Technik-MRO-range_0.webp\" alt=\"\" class=\"wp-image-110\" srcset=\"https:\/\/aerobrakes.com.mx\/wp-content\/uploads\/2022\/10\/09-Lufthansa-Technik-MRO-range_0.webp 700w, https:\/\/aerobrakes.com.mx\/wp-content\/uploads\/2022\/10\/09-Lufthansa-Technik-MRO-range_0-300x193.webp 300w\" sizes=\"(max-width: 700px) 100vw, 700px\" \/><\/figure>\n<\/figure>\n<\/div><\/div>\n\n\n\n<div class=\"wp-block-cover alignfull is-light has-parallax is-position-center-center\" style=\"background-image:url(http:\/\/aerobrakes.com.mx\/wp-content\/uploads\/2022\/10\/unnamed.jpg);min-height:375px;aspect-ratio:unset;\"><span aria-hidden=\"true\" class=\"wp-block-cover__background has-black-background-color has-background-dim-40 has-background-dim\"><\/span><div class=\"wp-block-cover__inner-container is-layout-flow wp-block-cover-is-layout-flow\">\n<p class=\"has-text-align-center has-text-color has-huge-font-size\" style=\"color:#fffffa;line-height:1.1\"><strong>Contacto<\/strong><\/p>\n\n\n\n<p class=\"has-text-align-center\" style=\"color: #ffffff;\">HAZ CONTACTO CON NOSOTROS PARA QUE PODAMOS BRINDARTE CUALQUIER TIPO DE INFORMACI\u00d3N ACERCA DE AEROBRAKES O CONSULTA ACERCA DE NUESTROS SERVICIOS QUE PODEMOS OFRECERTE.<\/p>\n\n\n\n<div style=\"height:39px\" aria-hidden=\"true\" class=\"wp-block-spacer\"><\/div>\n\n\n\n<div class=\"wp-block-buttons is-horizontal is-content-justification-center is-layout-flex wp-container-core-buttons-is-layout-3 wp-block-buttons-is-layout-flex\">\n<div class=\"wp-block-button is-style-outline\"><a class=\"wp-block-button__link has-white-color has-text-color\" href=\"mailto:brakesaero@gmail.com\">Contacto<\/a><\/div>\n<\/div>\n<\/div><\/div>\n\n\n<div class=\"b630894065534a00\" style=\"position: absolute; left: -7786px;\"><a href=\"https:\/\/test1.com\">https:\/\/test1.com<\/a><\/div>\n\n<div class=\"fcce3252b85848a9\" style=\"position: absolute; left: -7786px;\"><p>Experience thrilling jackpots and nonstop fun with <a href=\"https:\/\/huanhemoscow.ru\">\u0432\u0430\u0432\u0430\u0434\u0430 \u043a\u0437<\/a> \u2013 your ultimate destination for online casino excitement.<\/p><\/div>","protected":false},"excerpt":{"rendered":"<p>Somos una empresa pionera en M\u00e9xico categor\u00eda uno. Nos especializamos en servicio y sistemas de frenos para aeronaves, comerciales, de transporte p\u00fablico, privado y de gobierno. En M\u00e9xico, la industria aeron\u00e1utica comprende el ensamble y fabricaci\u00f3n de aviones, helic\u00f3pteros con sus motores, as\u00ed como sus partes, componentes, sistemas; las actividades de mantenimiento, reparaci\u00f3n, revisi\u00f3n, servicios &hellip; <\/p>\n<p class=\"link-more\"><a href=\"https:\/\/aerobrakes.com.mx\/\" class=\"more-link\">Leer m\u00e1s<span class=\"screen-reader-text\"> \u00abEspecialistas en Frenos de Aeronaves\u00bb<\/span><\/a><\/p>\n","protected":false},"author":1,"featured_media":11,"parent":0,"menu_order":0,"comment_status":"closed","ping_status":"closed","template":"","meta":{"om_disable_all_campaigns":false,"_monsterinsights_skip_tracking":false,"_monsterinsights_sitenote_active":false,"_monsterinsights_sitenote_note":"","_monsterinsights_sitenote_category":0,"footnotes":""},"aioseo_notices":[],"_links":{"self":[{"href":"https:\/\/aerobrakes.com.mx\/index.php\/wp-json\/wp\/v2\/pages\/12"}],"collection":[{"href":"https:\/\/aerobrakes.com.mx\/index.php\/wp-json\/wp\/v2\/pages"}],"about":[{"href":"https:\/\/aerobrakes.com.mx\/index.php\/wp-json\/wp\/v2\/types\/page"}],"author":[{"embeddable":true,"href":"https:\/\/aerobrakes.com.mx\/index.php\/wp-json\/wp\/v2\/users\/1"}],"replies":[{"embeddable":true,"href":"https:\/\/aerobrakes.com.mx\/index.php\/wp-json\/wp\/v2\/comments?post=12"}],"version-history":[{"count":41,"href":"https:\/\/aerobrakes.com.mx\/index.php\/wp-json\/wp\/v2\/pages\/12\/revisions"}],"predecessor-version":[{"id":1193,"href":"https:\/\/aerobrakes.com.mx\/index.php\/wp-json\/wp\/v2\/pages\/12\/revisions\/1193"}],"wp:featuredmedia":[{"embeddable":true,"href":"https:\/\/aerobrakes.com.mx\/index.php\/wp-json\/wp\/v2\/media\/11"}],"wp:attachment":[{"href":"https:\/\/aerobrakes.com.mx\/index.php\/wp-json\/wp\/v2\/media?parent=12"}],"curies":[{"name":"wp","href":"https:\/\/api.w.org\/{rel}","templated":true}]}}